{"id":950,"date":"2021-04-25T16:30:04","date_gmt":"2021-04-25T14:30:04","guid":{"rendered":"https:\/\/erasmusfmuk.eu\/?page_id=950"},"modified":"2021-04-28T17:39:26","modified_gmt":"2021-04-28T15:39:26","slug":"register-2","status":"publish","type":"page","link":"https:\/\/erasmusfmuk.eu\/?page_id=950","title":{"rendered":"Register"},"content":{"rendered":"\t\t<div data-elementor-type=\"wp-page\" data-elementor-id=\"950\" class=\"elementor elementor-950\" data-elementor-settings=\"[]\">\n\t\t\t\t\t\t\t<div class=\"elementor-section-wrap\">\n\t\t\t\t\t\t\t<section class=\"elementor-section elementor-top-section elementor-element elementor-element-3d8c4ea elementor-section-height-min-height elementor-section-boxed elementor-section-height-default elementor-section-items-middle\" data-id=\"3d8c4ea\" data-element_type=\"section\" data-settings=\"{&quot;background_background&quot;:&quot;classic&quot;}\">\n\t\t\t\t\t\t<div class=\"elementor-container elementor-column-gap-default\">\n\t\t\t\t\t<div class=\"elementor-column elementor-col-50 elementor-top-column elementor-element elementor-element-c23cb9b\" data-id=\"c23cb9b\" data-element_type=\"column\">\n\t\t\t<div class=\"elementor-widget-wrap elementor-element-populated\">\n\t\t\t\t\t\t\t\t<div class=\"elementor-element elementor-element-c11ffc7 elementor-widget elementor-widget-heading\" data-id=\"c11ffc7\" data-element_type=\"widget\" data-widget_type=\"heading.default\">\n\t\t\t\t<div class=\"elementor-widget-container\">\n\t\t\t<h2 class=\"elementor-heading-title elementor-size-default\"><b>Heyy There!<\/b><\/h2>\t\t<\/div>\n\t\t\t\t<\/div>\n\t\t\t\t<div class=\"elementor-element elementor-element-a7ce4b4 elementor-widget elementor-widget-text-editor\" data-id=\"a7ce4b4\" data-element_type=\"widget\" data-widget_type=\"text-editor.default\">\n\t\t\t\t<div class=\"elementor-widget-container\">\n\t\t\t\t\t\t\t\t<p>We are happy to have You with us! Just fill the form on the right side, create Your account and motivate other students to travel abroad and experience an unforgottable stay.<\/p>\t\t\t\t\t\t<\/div>\n\t\t\t\t<\/div>\n\t\t\t\t\t<\/div>\n\t\t<\/div>\n\t\t\t\t<div class=\"elementor-column elementor-col-50 elementor-top-column elementor-element elementor-element-8c736bd elementor-invisible\" data-id=\"8c736bd\" data-element_type=\"column\" data-settings=\"{&quot;animation&quot;:&quot;fadeInDown&quot;}\">\n\t\t\t<div class=\"elementor-widget-wrap elementor-element-populated\">\n\t\t\t\t\t\t\t\t<section class=\"elementor-section elementor-inner-section elementor-element elementor-element-428760d elementor-section-boxed elementor-section-height-default elementor-section-height-default\" data-id=\"428760d\" data-element_type=\"section\" data-settings=\"{&quot;background_background&quot;:&quot;classic&quot;}\">\n\t\t\t\t\t\t<div class=\"elementor-container elementor-column-gap-default\">\n\t\t\t\t\t<div class=\"elementor-column elementor-col-100 elementor-inner-column elementor-element elementor-element-481de10\" data-id=\"481de10\" data-element_type=\"column\">\n\t\t\t<div class=\"elementor-widget-wrap elementor-element-populated\">\n\t\t\t\t\t\t\t\t<div class=\"elementor-element elementor-element-2feb804 elementor-widget elementor-widget-heading\" data-id=\"2feb804\" data-element_type=\"widget\" data-widget_type=\"heading.default\">\n\t\t\t\t<div class=\"elementor-widget-container\">\n\t\t\t<h2 class=\"elementor-heading-title elementor-size-default\"><b>Create an Account<\/b><\/h2>\t\t<\/div>\n\t\t\t\t<\/div>\n\t\t\t\t<div class=\"elementor-element elementor-element-11c686e wpac-custom-signup-form elementor-widget elementor-widget-shortcode\" data-id=\"11c686e\" data-element_type=\"widget\" data-widget_type=\"shortcode.default\">\n\t\t\t\t<div class=\"elementor-widget-container\">\n\t\t\t\t\t<div class=\"elementor-shortcode\">\r\n<div class=\"um um-register um-848\">\r\n\r\n\t<div class=\"um-form\" data-mode=\"register\">\r\n\r\n\t\t<form method=\"post\" action=\"\">\r\n\r\n\t\t\t<div class=\"um-row _um_row_1 \" style=\"margin: 0 0 30px 0;\"><div class=\"um-col-1\"><div  id=\"um_field_848_user_login\" class=\"um-field um-field-text  um-field-user_login um-field-text um-field-type_text\" data-key=\"user_login\"><div class=\"um-field-label\"><div class=\"um-field-label-icon\"><i class=\"um-faicon-user\" aria-label=\"Username\"><\/i><\/div><label for=\"user_login-848\">Username<\/label><div class=\"um-clear\"><\/div><\/div><div class=\"um-field-area\"><input  autocomplete=\"off\" class=\"um-form-field valid \" type=\"text\" name=\"user_login-848\" id=\"user_login-848\" value=\"\" placeholder=\"\" data-validate=\"unique_username\" data-key=\"user_login\" \/>\r\n\r\n\t\t\t\t\t\t<\/div><\/div><div  id=\"um_field_848_user_email\" class=\"um-field um-field-text  um-field-user_email um-field-text um-field-type_text\" data-key=\"user_email\"><div class=\"um-field-label\"><div class=\"um-field-label-icon\"><i class=\"um-icon-android-mail\" aria-label=\"E-mail Address\"><\/i><\/div><label for=\"user_email-848\">E-mail Address<\/label><div class=\"um-clear\"><\/div><\/div><div class=\"um-field-area\"><input  autocomplete=\"off\" class=\"um-form-field valid not-required \" type=\"text\" name=\"user_email-848\" id=\"user_email-848\" value=\"\" placeholder=\"\" data-validate=\"unique_email\" data-key=\"user_email\" \/>\r\n\r\n\t\t\t\t\t\t<\/div><\/div><div  id=\"um_field_848_user_password\" class=\"um-field um-field-password  um-field-user_password um-field-password um-field-type_password\" data-key=\"user_password\"><div class=\"um-field-label\"><div class=\"um-field-label-icon\"><i class=\"um-icon-android-lock\" aria-label=\"Password\"><\/i><\/div><label for=\"user_password-848\">Password<\/label><div class=\"um-clear\"><\/div><\/div><div class=\"um-field-area\"><input class=\"um-form-field valid \" type=\"password\" name=\"user_password-848\" id=\"user_password-848\" value=\"\" placeholder=\"\" data-validate=\"\" data-key=\"user_password\" \/>\r\n\r\n\t\t\t\t\t\t<\/div><\/div><div  id=\"um_field_848_confirm_user_password\" class=\"um-field um-field-password  um-field-user_password um-field-password um-field-type_password\" data-key=\"confirm_user_password\"><div class=\"um-field-label\"><div class=\"um-field-label-icon\"><i class=\"um-icon-android-lock\" aria-label=\"Confirm Password\"><\/i><\/div><label for=\"confirm_user_password-848\">Confirm Password<\/label><div class=\"um-clear\"><\/div><\/div><div class=\"um-field-area\"><input class=\"um-form-field valid \" type=\"password\" name=\"confirm_user_password-848\" id=\"confirm_user_password-848\" value=\"\" placeholder=\"Confirm Password\" data-validate=\"\" data-key=\"confirm_user_password\" \/><\/div><\/div><\/div><\/div>\r\n<!-- This file should primarily consist of HTML with a little bit of PHP. -->\r\n<div class=\"um-field um-field-type_terms_conditions\" data-key=\"use_terms_conditions_agreement\" style=\"display:block;padding:0;\">\r\n\t<div class=\"um-field-area\">\r\n\t\t<div class=\"um-gdpr-content\" style=\"display:none;\">\r\n\t\t\t<h2>Who we are and what we collect<\/h2>\n<p>This Privacy Policy governs the manner in which Erasmus FMUK collects, uses, maintains and discloses information collected from users (each, a &#8220;User&#8221;) of the <a href=\"https:\/\/erasmusfmuk.eu\/\">https:\/\/erasmusfmuk.eu\/<\/a> (hereafter: &#8220;Site&#8221;).<\/p>\n<h2>Personal identification information<\/h2>\n<p>Ke\u010f n\u00e1v\u0161tevn\u00edci webu zanechavaj\u00fa na str\u00e1nke koment\u00e1re, zbierame \u00fadaje, ktor\u00e9 s\u00fa zobrazen\u00e9 vo formul\u00e1ri koment\u00e1ra a taktie\u017e IP adresu pou\u017e\u00edvate\u013eov a user-agent prehliada\u010da z d\u00f4vodu ochrany proti spamu.<\/p>\n<p>Anonymizovan\u00fd re\u0165azec vytvoren\u00fd z va\u0161ej e-mailovej adresy (naz\u00fdvan\u00fd aj hash) m\u00f4\u017ee by\u0165 poskytnut\u00fd slu\u017ebe Gravatar pre overenie, \u010di ju pou\u017e\u00edvate. Z\u00e1sady ochrany osobn\u00fdch \u00fadajov slu\u017eby Gravatar n\u00e1jdete na: https:\/\/automattic.com\/privacy\/. Po schv\u00e1len\u00ed v\u00e1\u0161ho koment\u00e1ra bude va\u0161a profilov\u00e1 fotografia verejne zobrazen\u00e1 spolu s obsahom v\u00e1\u0161ho koment\u00e1ra.<\/p>\n<h3>Multim\u00e9di\u00e1<\/h3>\n<p>Pri nahr\u00e1van\u00ed obr\u00e1zkov na webov\u00fa str\u00e1nku by ste sa mali vyhn\u00fa\u0165 nahr\u00e1vaniu obr\u00e1zkov s EXIF GPS \u00fadajmi o polohe. N\u00e1v\u0161tevn\u00edci webu m\u00f4\u017eu stiahnu\u0165 a zobrazi\u0165 ak\u00e9ko\u013evek \u00fadaje o polohe z obr\u00e1zkov.<\/p>\n<h3>Kontaktn\u00e9 formul\u00e1re<\/h3>\n<h3>S\u00fabory cookies<\/h3>\n<p>Ak prid\u00e1te koment\u00e1r na na\u0161ej str\u00e1nke, m\u00f4\u017eete s\u00fahlasi\u0165 s ulo\u017een\u00edm v\u00e1\u0161ho mena, e-mailovej adresy a webovej str\u00e1nky do s\u00faborov cookies. Je to pre va\u0161e pohodlie, aby ste nemuseli op\u00e4tovne vyp\u013a\u0148a\u0165 va\u0161e \u00fadaje znovu pri prid\u00e1van\u00ed \u010fal\u0161ieho koment\u00e1ra. Tieto s\u00fabory cookies s\u00fa platn\u00e9 jeden rok.<\/p>\n<p>Ak m\u00e1te na na\u0161ej webovej str\u00e1nke \u00fa\u010det a prihl\u00e1site sa, ulo\u017e\u00edme do\u010dasn\u00e9 s\u00fabory cookies na ur\u010denie toho, \u010di v\u00e1\u0161 prehliada\u010d akceptuje s\u00fabory cookies. Tieto s\u00fabory cookies neobsahuj\u00fa \u017eiadne osobn\u00e9 \u00fadaje a s\u00fa zru\u0161en\u00e9 pri zatvoren\u00ed prehliada\u010da.<\/p>\n<p>Pri prihl\u00e1sen\u00ed nastav\u00edme nieko\u013eko s\u00faborov cookies, aby sme ulo\u017eili va\u0161e prihlasovacie \u00fadaje a nastavenia zobrazenia. Prihlasovacie cookies s\u00fa platn\u00e9 dva dni a nastavenia zobrazenia jeden rok. Ak zvol\u00edte mo\u017enos\u0165 &#8220;zapam\u00e4ta\u0165&#8221;, va\u0161e prihl\u00e1senie bude platn\u00e9 dva t\u00fd\u017edne. Pri odhl\u00e1sen\u00ed sa z v\u00e1\u0161ho \u00fa\u010dtu s\u00fa s\u00fabory cookies odstr\u00e1nen\u00e9.<\/p>\n<p>Pri \u00faprave alebo publikovan\u00ed \u010dl\u00e1nku bud\u00fa vo va\u0161om prehliada\u010di ulo\u017een\u00e9 dodato\u010dn\u00e9 s\u00fabory cookies. Tieto s\u00fabory cookies neobsahuj\u00fa \u017eiadne osobn\u00e9 \u00fadaje a odkazuj\u00fa iba na ID \u010dl\u00e1nku, ktor\u00fd ste upravovali. S\u00fabory s\u00fa platn\u00e9 1 de\u0148.<\/p>\n<h3>Vlo\u017een\u00fd obsah z in\u00fdch webov\u00fdch str\u00e1nok<\/h3>\n<p>\u010cl\u00e1nky na tejto webovej str\u00e1nke m\u00f4\u017eu obsahova\u0165 vlo\u017een\u00fd obsah (napr. vide\u00e1, obr\u00e1zky, \u010dl\u00e1nky a podobne). Vlo\u017een\u00fd obsah z in\u00fdch str\u00e1nok sa chov\u00e1 rovnako, akoby n\u00e1v\u0161tevn\u00edk nav\u0161t\u00edvil in\u00fa webov\u00fa str\u00e1nku.<\/p>\n<p>Tieto webov\u00e9 str\u00e1nky m\u00f4\u017eu o v\u00e1s zbiera\u0165 osobn\u00e9 \u00fadaje, pou\u017e\u00edva\u0165 s\u00fabory cookies, vklada\u0165 tre\u0165o-strann\u00e9 sledovanie a monitorova\u0165 va\u0161u interakciu s vlo\u017een\u00fdm obsahom, v\u010detne sledovania va\u0161ej interakcie s vlo\u017een\u00fdm obsahom, ak na danej webovej str\u00e1nke m\u00e1te \u00fa\u010det a ste prihl\u00e1sen\u00fd.<\/p>\n<h3>Analytika<\/h3>\n<h2>S k\u00fdm zdie\u013eame va\u0161e \u00fadaje<\/h2>\n<h2>Ako dlho uchov\u00e1vame va\u0161e \u00fadaje<\/h2>\n<p>Pri prid\u00e1van\u00ed koment\u00e1ra, koment\u00e1r a jeho meta\u00fadaje s\u00fa uchov\u00e1van\u00e9 oddelene. V\u010faka tomu vieme automaticky rozpozna\u0165 a schv\u00e1li\u0165 ak\u00e9ko\u013evek s\u00favisiace koment\u00e1re bez toho, aby museli by\u0165 podr\u017ean\u00e9 na moder\u00e1ciu.<\/p>\n<p>Pre pou\u017e\u00edvate\u013eov, ktor\u00ed sa zaregistruj\u00fa na na\u0161ich webov\u00fdch str\u00e1nkach (ak tak\u00ed existuj\u00fa), uklad\u00e1me aj osobn\u00e9 \u00fadaje, ktor\u00e9 poskytuj\u00fa, do ich u\u017e\u00edvate\u013esk\u00e9ho profilu. V\u0161etci pou\u017e\u00edvatelia m\u00f4\u017eu kedyko\u013evek zobrazi\u0165, upravi\u0165 alebo odstr\u00e1ni\u0165 svoje osobn\u00e9 \u00fadaje (okrem zmeny pou\u017e\u00edvate\u013esk\u00e9ho). Spr\u00e1vcovia webov\u00fdch str\u00e1nok tie\u017e m\u00f4\u017eu zobrazi\u0165 a upravi\u0165 tieto inform\u00e1cie.<\/p>\n<h2>Ak\u00e9 pr\u00e1va m\u00e1te nad svojimi \u00fadajmi<\/h2>\n<p>Ak na tejto webovej str\u00e1nke m\u00e1te \u00fa\u010det, alebo ste tu pridali koment\u00e1r, m\u00f4\u017eete po\u017eiada\u0165 o export va\u0161ich osobn\u00fdch \u00fadajov, ktor\u00e9 o v\u00e1s uklad\u00e1me, v\u010detne \u00fadajov, ktor\u00e9 ste n\u00e1m poskytli. M\u00f4\u017eete tak isto po\u017eiada\u0165 o vymazanie osobn\u00fdch \u00fadajov. To sa ale net\u00fdka \u00fadajov, ktor\u00e9 o v\u00e1s mus\u00edme uchov\u00e1va\u0165 z administrat\u00edvnych, pr\u00e1vnych alebo bezpe\u010dnostn\u00fdch d\u00f4vodov.<\/p>\n<h2>Kam posielame va\u0161e \u00fadaje<\/h2>\n<p>Koment\u00e1re n\u00e1v\u0161tevn\u00edkov m\u00f4\u017eu by\u0165 kontrolovan\u00e9 prostredn\u00edctvom automatizovanej slu\u017eby na detekciu spamu.<\/p>\n<h2>Va\u0161e kontaktn\u00e9 inform\u00e1cie<\/h2>\n<h2>Dodato\u010dn\u00e9 inform\u00e1cie<\/h2>\n<h3>Ako chr\u00e1nime va\u0161e \u00fadaje<\/h3>\n<h3>Ak\u00e9 m\u00e1me procesy pri \u00faniku d\u00e1t<\/h3>\n<h3>Z ak\u00fdch tret\u00edch str\u00e1n z\u00edskavame \u00fadaje<\/h3>\n<h3>Ak\u00e9 automatizovan\u00e9 rozhodovanie (spracovanie) a\/alebo profilovanie rob\u00edme s \u00fadajmi pou\u017e\u00edvate\u013ea.<\/h3>\n<h3>Po\u017eiadavky na zverej\u0148ovanie pr\u00e1vnych predpisov v regulovanom odvetv\u00ed<\/h3>\n\t\t<\/div>\r\n\r\n\t\t\r\n\t\t<a href=\"javascript:void(0);\" class=\"um-toggle-gdpr\" data-toggle-state=\"hidden\"\r\n\t\t   data-toggle-show=\"Show privacy policy\"\r\n\t\t   data-toggle-hide=\"Hide privacy policy\">\r\n\t\t\tShow privacy policy\t\t<\/a>\r\n\t<\/div>\r\n\t<div class=\"um-field-area\">\r\n\r\n\t\t\r\n\t\t<label class=\"um-field-checkbox\">\r\n\t\t\t<input type=\"checkbox\" name=\"use_gdpr_agreement\" value=\"1\">\r\n\t\t\t<span class=\"um-field-checkbox-state\"><i class=\"um-icon-android-checkbox-outline-blank\"><\/i><\/span>\r\n\t\t\t<span class=\"um-field-checkbox-option\">Please confirm that you agree to our privacy policy<\/span>\r\n\t\t<\/label>\r\n\t\t<div class=\"um-clear\"><\/div>\r\n\r\n\t\t\r\n\t\t<div class=\"um-clear\"><\/div>\r\n\t<\/div>\r\n<\/div>\t\t<input type=\"hidden\" name=\"form_id\" id=\"form_id_848\" value=\"848\" \/>\r\n\t\r\n\t<p class=\"um_request_name\">\r\n\t\t<label for=\"um_request_848\">Only fill in if you are not human<\/label>\r\n\t\t<input type=\"hidden\" name=\"um_request\" id=\"um_request_848\" class=\"input\" value=\"\" size=\"25\" autocomplete=\"off\" \/>\r\n\t<\/p>\r\n\r\n\t<input type=\"hidden\" id=\"_wpnonce\" name=\"_wpnonce\" value=\"fd7f95c9e3\" \/><input type=\"hidden\" name=\"_wp_http_referer\" value=\"\/index.php?rest_route=%2Fwp%2Fv2%2Fpages%2F950\" \/>\r\n\t<div class=\"um-col-alt\">\r\n\r\n\t\t\r\n\t\t\t<div class=\"um-center\">\r\n\t\t\t\t<input type=\"submit\" value=\"Register\" class=\"um-button\" id=\"um-submit-btn\" \/>\r\n\t\t\t<\/div>\r\n\r\n\t\t\r\n\t\t<div class=\"um-clear\"><\/div>\r\n\r\n\t<\/div>\r\n\r\n\t\t\t\r\n\t\t<\/form>\r\n\r\n\t<\/div>\r\n\r\n<\/div><style type=\"text\/css\">\r\n.um-848.um {\r\n\tmax-width: 300px;\r\n}<\/style>\r\n<\/div>\n\t\t\t\t<\/div>\n\t\t\t\t<\/div>\n\t\t\t\t\t<\/div>\n\t\t<\/div>\n\t\t\t\t\t\t\t<\/div>\n\t\t<\/section>\n\t\t\t\t<section class=\"elementor-section elementor-inner-section elementor-element elementor-element-4dcef4e elementor-section-height-min-height elementor-section-content-middle elementor-section-boxed elementor-section-height-default\" data-id=\"4dcef4e\" data-element_type=\"section\" data-settings=\"{&quot;background_background&quot;:&quot;classic&quot;}\">\n\t\t\t\t\t\t<div class=\"elementor-container elementor-column-gap-default\">\n\t\t\t\t\t<div class=\"elementor-column elementor-col-100 elementor-inner-column elementor-element elementor-element-076cfcb\" data-id=\"076cfcb\" data-element_type=\"column\">\n\t\t\t<div class=\"elementor-widget-wrap elementor-element-populated\">\n\t\t\t\t\t\t\t\t<div class=\"elementor-element elementor-element-c58e7f1 elementor-widget__width-auto elementor-widget elementor-widget-heading\" data-id=\"c58e7f1\" data-element_type=\"widget\" data-widget_type=\"heading.default\">\n\t\t\t\t<div class=\"elementor-widget-container\">\n\t\t\t<div class=\"elementor-heading-title elementor-size-default\"><b>Already have an account?<\/b><\/div>\t\t<\/div>\n\t\t\t\t<\/div>\n\t\t\t\t<div class=\"elementor-element elementor-element-0df3a59 elementor-widget__width-auto elementor-widget elementor-widget-heading\" data-id=\"0df3a59\" data-element_type=\"widget\" data-settings=\"{&quot;_animation&quot;:&quot;none&quot;}\" data-widget_type=\"heading.default\">\n\t\t\t\t<div class=\"elementor-widget-container\">\n\t\t\t<div class=\"elementor-heading-title elementor-size-default\"><a href=\"https:\/\/erasmusfmuk.eu\/?page_id=949\"><b>Login Here!<\/b><\/a><\/div>\t\t<\/div>\n\t\t\t\t<\/div>\n\t\t\t\t\t<\/div>\n\t\t<\/div>\n\t\t\t\t\t\t\t<\/div>\n\t\t<\/section>\n\t\t\t\t\t<\/div>\n\t\t<\/div>\n\t\t\t\t\t\t\t<\/div>\n\t\t<\/section>\n\t\t\t\t\t\t<\/div>\n\t\t\t\t\t<\/div>\n\t\t","protected":false},"excerpt":{"rendered":"<p>Heyy There! We are happy to have You with us! Just fill the form on the right side, create Your account and motivate other students to travel abroad and experience an unforgottable stay. Create an Account Already have an account? Login Here!<\/p>\n","protected":false},"author":1,"featured_media":0,"parent":0,"menu_order":0,"comment_status":"closed","ping_status":"closed","template":"elementor_canvas","meta":{"footnotes":""},"class_list":["post-950","page","type-page","status-publish","hentry"],"_links":{"self":[{"href":"https:\/\/erasmusfmuk.eu\/index.php?rest_route=\/wp\/v2\/pages\/950"}],"collection":[{"href":"https:\/\/erasmusfmuk.eu\/index.php?rest_route=\/wp\/v2\/pages"}],"about":[{"href":"https:\/\/erasmusfmuk.eu\/index.php?rest_route=\/wp\/v2\/types\/page"}],"author":[{"embeddable":true,"href":"https:\/\/erasmusfmuk.eu\/index.php?rest_route=\/wp\/v2\/users\/1"}],"replies":[{"embeddable":true,"href":"https:\/\/erasmusfmuk.eu\/index.php?rest_route=%2Fwp%2Fv2%2Fcomments&post=950"}],"version-history":[{"count":15,"href":"https:\/\/erasmusfmuk.eu\/index.php?rest_route=\/wp\/v2\/pages\/950\/revisions"}],"predecessor-version":[{"id":1583,"href":"https:\/\/erasmusfmuk.eu\/index.php?rest_route=\/wp\/v2\/pages\/950\/revisions\/1583"}],"wp:attachment":[{"href":"https:\/\/erasmusfmuk.eu\/index.php?rest_route=%2Fwp%2Fv2%2Fmedia&parent=950"}],"curies":[{"name":"wp","href":"https:\/\/api.w.org\/{rel}","templated":true}]}}